{"id":138,"date":"2008-04-13T16:34:28","date_gmt":"2008-04-13T15:34:28","guid":{"rendered":"http:\/\/www.astrodicticum-simplex.de\/wordpress\/hcm-7\/"},"modified":"2008-04-13T16:34:28","modified_gmt":"2008-04-13T15:34:28","slug":"hcm-7","status":"publish","type":"page","link":"http:\/\/www.astrodicticum-simplex.de\/wordpress\/hcm-7\/","title":{"rendered":"HCM 7"},"content":{"rendered":"<p style=\"text-align: center\"><a href=\"http:\/\/www.univie.ac.at\/adg\/Conferences\/hcm7\/index.html\" target=\"_blank\"><img loading=\"lazy\" src=\"http:\/\/www.astro.univie.ac.at\/pics\/hcm-logo.jpg\" border=\"0\" height=\"68\" width=\"500\" \/><\/a><\/p>\n<p>Hier ist nochmal ein \u00dcberblick \u00fcber alle Posts \u00fcber das 7. Alexander von Humboldt Kolloquium in Bad Hofgastein:<\/p>\n<ul>\n<li><a href=\"http:\/\/www.astrodicticum-simplex.de\/wordpress\/2008\/03\/18\/himmelsmechanikkonferenzbesuch\/\" target=\"_blank\">\u00dcber die Konferenz<\/a><\/li>\n<li><a href=\"http:\/\/www.astrodicticum-simplex.de\/wordpress\/2008\/03\/22\/vorbereitungen-fuer-die-konferenz\/\" target=\"_blank\">Vorbereitungen f\u00fcr die Konferenz<\/a><\/li>\n<li><a href=\"http:\/\/www.astrodicticum-simplex.de\/wordpress\/2008\/03\/31\/live-von-der-hcm7-konferenz-tag-1\/\" target=\"_blank\">Konferenzbericht Tag 1\u00a0<\/a><\/li>\n<li><a href=\"http:\/\/www.astrodicticum-simplex.de\/wordpress\/2008\/04\/01\/live-von-der-hcm-7-konferenz-tag-2\/\" target=\"_blank\">Konferenzbericht Tag 2<\/a><\/li>\n<li><a href=\"http:\/\/www.astrodicticum-simplex.de\/wordpress\/2008\/04\/02\/live-von-der-hcm-7-konferenz-tag-3\/\" target=\"_blank\">Konferenzbericht Tag 3<\/a><\/li>\n<li><a href=\"http:\/\/www.astrodicticum-simplex.de\/wordpress\/2008\/04\/03\/live-von-der-hcm-7-konferenz-tag-4\/\" target=\"_blank\">Konferenzbericht Tag 4<\/a><\/li>\n<li><a href=\"http:\/\/www.astrodicticum-simplex.de\/wordpress\/2008\/04\/07\/live-von-der-hcm-7-konferenz-tag-5\/\" target=\"_blank\">Konferenzbericht Tag 5<\/a><\/li>\n<li><a href=\"http:\/\/www.astrodicticum-simplex.de\/wordpress\/2008\/04\/02\/live-von-der-hcm-7-konferenz-tag-3-wir-sind-in-der-zeitung\/\" target=\"_blank\">Zeitungsbericht \u00fcber die Konferenz <\/a><\/li>\n<\/ul>\n","protected":false},"excerpt":{"rendered":"<p>Hier ist nochmal ein \u00dcberblick \u00fcber alle Posts \u00fcber das 7. Alexander von Humboldt Kolloquium in Bad Hofgastein: \u00dcber die Konferenz Vorbereitungen f\u00fcr die Konferenz Konferenzbericht Tag 1\u00a0 Konferenzbericht Tag 2 Konferenzbericht Tag 3 Konferenzbericht Tag 4 Konferenzbericht Tag 5 Zeitungsbericht \u00fcber die Konferenz<\/p>\n","protected":false},"author":2,"featured_media":0,"parent":0,"menu_order":0,"comment_status":"open","ping_status":"open","template":"","meta":[],"_links":{"self":[{"href":"http:\/\/www.astrodicticum-simplex.de\/wordpress\/wp-json\/wp\/v2\/pages\/138"}],"collection":[{"href":"http:\/\/www.astrodicticum-simplex.de\/wordpress\/wp-json\/wp\/v2\/pages"}],"about":[{"href":"http:\/\/www.astrodicticum-simplex.de\/wordpress\/wp-json\/wp\/v2\/types\/page"}],"author":[{"embeddable":true,"href":"http:\/\/www.astrodicticum-simplex.de\/wordpress\/wp-json\/wp\/v2\/users\/2"}],"replies":[{"embeddable":true,"href":"http:\/\/www.astrodicticum-simplex.de\/wordpress\/wp-json\/wp\/v2\/comments?post=138"}],"version-history":[{"count":0,"href":"http:\/\/www.astrodicticum-simplex.de\/wordpress\/wp-json\/wp\/v2\/pages\/138\/revisions"}],"wp:attachment":[{"href":"http:\/\/www.astrodicticum-simplex.de\/wordpress\/wp-json\/wp\/v2\/media?parent=138"}],"curies":[{"name":"wp","href":"https:\/\/api.w.org\/{rel}","templated":true}]}}