{"id":3,"date":"2008-01-16T21:16:03","date_gmt":"2008-01-16T19:16:03","guid":{"rendered":"http:\/\/www.astrodicticum-simplex.de\/wordpress\/uber-mich\/"},"modified":"2018-05-19T16:24:14","modified_gmt":"2018-05-19T15:24:14","slug":"uber-mich","status":"publish","type":"page","link":"http:\/\/www.astrodicticum-simplex.de\/wordpress\/uber-mich\/","title":{"rendered":"\u00dcber mich"},"content":{"rendered":"<p>Mein Name ist Florian Freistetter und ich bin Astronom.<img decoding=\"async\" src=\"http:\/\/www.astrodicticum-simplex.de\/wordpress\/wp-content\/uploads\/2008\/02\/benutzer_moneo_de.jpg\" alt=\"ich.jpg\" align=\"right\" \/><\/p>\n<p>Meinen Doktor habe ich an der <a title=\"Sternwarte Wien\" href=\"http:\/\/www.astro.univie.ac.at\" target=\"_blank\">Universit\u00e4t Wien<\/a> gemacht, danach habe ich an der <a title=\"AIU Jena\" href=\"http:\/\/www.astro.uni-jena.de\" target=\"_blank\">Sternwarte der Universit\u00e4t Jena<\/a> gearbeitet. Leider ist meine Stelle mittlerweile eingespart worden (sowas machen Universit\u00e4ten gerne) &#8211; ich bin also derzeit &#8222;freischaffender Astronom&#8220; \ud83d\ude09 Meine haupts\u00e4chliche Besch\u00e4ftigung im Moment besteht deswegen auch darin, diverse Projektantr\u00e4ge zu schreiben &#8211; damit ich irgendwann auch wieder f\u00fcr meine astronomische Forschung bezahlt werde. Die spielt sich vorrangig im Bereich der <em>Himmelsmechanik<\/em> ab &#8211; mein Spezialgebiet ist die Dynamik von Himmelsk\u00f6rpern. Ich besch\u00e4ftige mich mit Asteroiden (erdnahen Asteroiden, Trojaner) und extrasolaren Planeten. Seit einiger Zeit habe ich aber auch angefangen, mich mit der beobachtenden Astronomie auseinanderzusetzen.<\/p>\n<p>(Stand: 2008)<\/p>\n<p>&nbsp;<\/p>\n","protected":false},"excerpt":{"rendered":"<p>Mein Name ist Florian Freistetter und ich bin Astronom. Meinen Doktor habe ich an der Universit\u00e4t Wien gemacht, danach habe ich an der Sternwarte der Universit\u00e4t Jena gearbeitet. Leider ist meine Stelle mittlerweile eingespart worden (sowas machen Universit\u00e4ten gerne) &#8211; ich bin also derzeit &#8222;freischaffender Astronom&#8220; \ud83d\ude09 Meine haupts\u00e4chliche Besch\u00e4ftigung im Moment besteht deswegen auch [&hellip;]<\/p>\n","protected":false},"author":2,"featured_media":0,"parent":0,"menu_order":0,"comment_status":"open","ping_status":"open","template":"","meta":{"footnotes":""},"class_list":["post-3","page","type-page","status-publish","hentry"],"_links":{"self":[{"href":"http:\/\/www.astrodicticum-simplex.de\/wordpress\/wp-json\/wp\/v2\/pages\/3","targetHints":{"allow":["GET"]}}],"collection":[{"href":"http:\/\/www.astrodicticum-simplex.de\/wordpress\/wp-json\/wp\/v2\/pages"}],"about":[{"href":"http:\/\/www.astrodicticum-simplex.de\/wordpress\/wp-json\/wp\/v2\/types\/page"}],"author":[{"embeddable":true,"href":"http:\/\/www.astrodicticum-simplex.de\/wordpress\/wp-json\/wp\/v2\/users\/2"}],"replies":[{"embeddable":true,"href":"http:\/\/www.astrodicticum-simplex.de\/wordpress\/wp-json\/wp\/v2\/comments?post=3"}],"version-history":[{"count":1,"href":"http:\/\/www.astrodicticum-simplex.de\/wordpress\/wp-json\/wp\/v2\/pages\/3\/revisions"}],"predecessor-version":[{"id":145,"href":"http:\/\/www.astrodicticum-simplex.de\/wordpress\/wp-json\/wp\/v2\/pages\/3\/revisions\/145"}],"wp:attachment":[{"href":"http:\/\/www.astrodicticum-simplex.de\/wordpress\/wp-json\/wp\/v2\/media?parent=3"}],"curies":[{"name":"wp","href":"https:\/\/api.w.org\/{rel}","templated":true}]}}