{"id":32,"date":"2008-02-12T14:34:49","date_gmt":"2008-02-12T12:34:49","guid":{"rendered":"http:\/\/www.astrodicticum-simplex.de\/wordpress\/uebungen-zur-einfuehrung-in-die-astronomie\/"},"modified":"2008-02-25T22:40:51","modified_gmt":"2008-02-25T20:40:51","slug":"uebungen-zur-einfuehrung-in-die-astronomie","status":"publish","type":"page","link":"http:\/\/www.astrodicticum-simplex.de\/wordpress\/uebungen-zur-einfuehrung-in-die-astronomie\/","title":{"rendered":"\u00dcbungen zur Einf\u00fchrung in die Astronomie"},"content":{"rendered":"<p>Ich m\u00f6chte dieses Blog auch nutzen, um Teile meiner Lehrveranstaltungen zu digitalisieren die ich in den Jahren 2005 bis 2007 an der Universit\u00e4t Jena gehalten habe. Den Anfang machen die \u00dcbungsbeispiele zur Vorlesung &#8222;Einf\u00fchrung in die Astronomie&#8220; von Prof. Alexander Krivov. Die Beispiele wurden in den \u00dcbungskursen des SS 2005, WS 2005\/2006 und des WS 2006\/2007 bearbeitet. Sie entstammen teilweise dem Buch <em>&#8222;Paradoxical Universe &#8211; A collection of 175 problems in astronomy&#8220; von Ivanov V.V., Krivov A.V., Denissenkov P.A. (St. Petersburg University Press, 1997)<\/em>.<\/p>\n<p>Die einzelnen Beispiele werde ich im Laufe der Zeit online stellen &#8211; sie sind dann in der Navigationsleiste oben erreichbar (es kann aber unter Umst\u00e4nden noch ein bisschen dauern, bis die Beispiele vollst\u00e4ndig sind &#8211; ich muss dazu viele Formeln digitalisieren und WordPress bietet da leider keine einfach M\u00f6glichkeit).<\/p>\n<p>Sollte einer meiner ehemaligen Studenten hier vorbeischauen: Ich habe noch einen Account bei <a href=\"http:\/\/www.meinprof.de\/uni\/prof\/35174\" title=\"meinprof.de\">MeinProf.de<\/a>: dort k\u00f6nnt ihr diesen Kurs bewerten.<\/p>\n<p align=\"center\"><font><font color=\"black\" size=\"-1\"> \u00dcbungen bewerten bei<br \/>\n<a href=\"http:\/\/www.meinprof.de\/uni\/prof\/35174\"><img src=\"http:\/\/www.meinprof.de\/promotion\/banner\/MeinProfde_Banner_234x60.png\" border=\"0\" \/><\/a><\/font><\/font><\/p>\n","protected":false},"excerpt":{"rendered":"<p>Ich m\u00f6chte dieses Blog auch nutzen, um Teile meiner Lehrveranstaltungen zu digitalisieren die ich in den Jahren 2005 bis 2007 an der Universit\u00e4t Jena gehalten habe. Den Anfang machen die \u00dcbungsbeispiele zur Vorlesung &#8222;Einf\u00fchrung in die Astronomie&#8220; von Prof. Alexander Krivov. Die Beispiele wurden in den \u00dcbungskursen des SS 2005, WS 2005\/2006 und des WS [&hellip;]<\/p>\n","protected":false},"author":2,"featured_media":0,"parent":0,"menu_order":0,"comment_status":"open","ping_status":"open","template":"","meta":[],"_links":{"self":[{"href":"http:\/\/www.astrodicticum-simplex.de\/wordpress\/wp-json\/wp\/v2\/pages\/32"}],"collection":[{"href":"http:\/\/www.astrodicticum-simplex.de\/wordpress\/wp-json\/wp\/v2\/pages"}],"about":[{"href":"http:\/\/www.astrodicticum-simplex.de\/wordpress\/wp-json\/wp\/v2\/types\/page"}],"author":[{"embeddable":true,"href":"http:\/\/www.astrodicticum-simplex.de\/wordpress\/wp-json\/wp\/v2\/users\/2"}],"replies":[{"embeddable":true,"href":"http:\/\/www.astrodicticum-simplex.de\/wordpress\/wp-json\/wp\/v2\/comments?post=32"}],"version-history":[{"count":0,"href":"http:\/\/www.astrodicticum-simplex.de\/wordpress\/wp-json\/wp\/v2\/pages\/32\/revisions"}],"wp:attachment":[{"href":"http:\/\/www.astrodicticum-simplex.de\/wordpress\/wp-json\/wp\/v2\/media?parent=32"}],"curies":[{"name":"wp","href":"https:\/\/api.w.org\/{rel}","templated":true}]}}