{"id":33,"date":"2008-02-12T14:36:56","date_gmt":"2008-02-12T12:36:56","guid":{"rendered":"http:\/\/www.astrodicticum-simplex.de\/wordpress\/uebungen-zur-einfuehrung-in-die-astronomie\/uebungen-zur-einfuehrung-in-die-astronomie-01\/"},"modified":"2008-02-29T22:33:46","modified_gmt":"2008-02-29T20:33:46","slug":"uebungen-zur-einfuehrung-in-die-astronomie-01","status":"publish","type":"page","link":"http:\/\/www.astrodicticum-simplex.de\/wordpress\/uebungen-zur-einfuehrung-in-die-astronomie\/uebungen-zur-einfuehrung-in-die-astronomie-01\/","title":{"rendered":"01"},"content":{"rendered":"<h2><font color=\"#ff9900\">Beispiel 01 <\/font><\/h2>\n<p>Angenommen, die Erdkugel w\u00fcde zu einem langen &#8222;Kabel&#8220; gestreckt. Wie gro\u00df w\u00e4re<img loading=\"lazy\" decoding=\"async\" src=\"http:\/\/www.astrodicticum-simplex.de\/wordpress\/wp-content\/uploads\/2008\/02\/bsp01.thumbnail.jpg\" alt=\"Beispiel 01\" align=\"right\" height=\"41\" width=\"150\" \/> dessen Durchmesser wenn es bis zur Sonne reicht? Wie gro\u00df w\u00e4re der Durchmesser wenn es \u03b1 Centauri erreichen soll? Oder die Andromedagalaxie? Wie weit w\u00fcrde das &#8222;Kabel&#8220; reichen, wenn es noch 0.05mm dick w\u00e4re ? (1 P)<\/p>\n<h2><font color=\"#ff9900\">L\u00f6sung 01<\/font><\/h2>\n<p>Das Volumen der Erdkugel V<sub>E<\/sub> ist mit dem Erdradius R<sub>E<\/sub> gegeben durch<\/p>\n<p align=\"center\"><img decoding=\"async\" src=\"http:\/\/www.astrodicticum-simplex.de\/wordpress\/wp-content\/uploads\/2008\/02\/formel01_bsp011.jpg\" alt=\"formel01_1\" \/><\/p>\n<p>das des Kabels V<sub>K<\/sub> (Zylinder) durch<\/p>\n<p align=\"center\"> <img decoding=\"async\" src=\"http:\/\/www.astrodicticum-simplex.de\/wordpress\/wp-content\/uploads\/2008\/02\/formel02_bsp011.jpg\" alt=\"formel01_2\" align=\"middle\" \/><\/p>\n<p>(hier is <em>r<\/em> der Radius und <em>h<\/em> die L\u00e4nge des Zylinders. Dies beiden Ausdr\u00fccke werden nun gleichgesetzt und es ergibt sich f\u00fcr den gesuchten Durchmesser <em>d<\/em><\/p>\n<p align=\"center\"><img decoding=\"async\" src=\"http:\/\/www.astrodicticum-simplex.de\/wordpress\/wp-content\/uploads\/2008\/02\/formel03_bsp011.jpg\" alt=\"formel01_3\" \/><\/p>\n<p> Die Werte f\u00fcr <em>h<\/em> lassen sich dem <a href=\"http:\/\/www.astro.uni-jena.de\/~florian\/lehre\/einfuehrung\/uebungen\/zahlen.pdf\">Universum in Zahlen<\/a> entnehmen: der Abstand <em>h<sub>1<\/sub><\/em> zwischen Erde und Sonne betr\u00e4gt <strong>150\u00b710<sup>6<\/sup>km<\/strong>; der Abstand <em>h<sub>2<\/sub><\/em> zwischen Erde und Alpha-Centauri <strong>4\u00b710<sup>13<\/sup>km<\/strong> und der Abstand <em>h<sub>3<\/sub><\/em> zwischen Erde und Andromedagalaxie <strong>2\u00b710<sup>19<\/sup>km<\/strong>. Mit dem Erdradius R<sub>E<\/sub>=6400 km folgen die Werte f\u00fcr die Dicke des Kabels:<\/p>\n<p><strong> d<sub>1<\/sub> \u2248 100 km<br \/>\nd<sub>2<\/sub> \u2248 200 m<br \/>\nd<sub>3<\/sub> \u2248 25 cm<br \/>\n<\/strong><\/p>\n<p>Um zu berechnen, wie lang ein Kabel mit einer Dicke von <strong>0,05 mm<\/strong> ist, wird die letzte Formel nach <em>h<\/em> umgestellt:<\/p>\n<p align=\"center\"><img decoding=\"async\" src=\"http:\/\/www.astrodicticum-simplex.de\/wordpress\/wp-content\/uploads\/2008\/02\/formel04_bsp011.jpg\" alt=\"formel01_4\" \/><\/p>\n<p>Es ergibt sich ein Wert f\u00fcr <em>h<\/em> von <strong>1,4\u00b710<sup>28<\/sup>km<\/strong> bzw. <strong>1,48\u00b710<sup>15<\/sup> Lichtjahre<\/strong>. Ein Kabel mit einer Dicke von 0,05 mm w\u00fcrde also fast durch das gesamte Universum reichen!<\/p>\n","protected":false},"excerpt":{"rendered":"<p>Beispiel 01 Angenommen, die Erdkugel w\u00fcde zu einem langen &#8222;Kabel&#8220; gestreckt. Wie gro\u00df w\u00e4re dessen Durchmesser wenn es bis zur Sonne reicht? Wie gro\u00df w\u00e4re der Durchmesser wenn es \u03b1 Centauri erreichen soll? Oder die Andromedagalaxie? Wie weit w\u00fcrde das &#8222;Kabel&#8220; reichen, wenn es noch 0.05mm dick w\u00e4re ? (1 P) L\u00f6sung 01 Das Volumen [&hellip;]<\/p>\n","protected":false},"author":2,"featured_media":0,"parent":32,"menu_order":0,"comment_status":"open","ping_status":"open","template":"tpl_page_comments.php","meta":{"footnotes":""},"class_list":["post-33","page","type-page","status-publish","hentry"],"_links":{"self":[{"href":"http:\/\/www.astrodicticum-simplex.de\/wordpress\/wp-json\/wp\/v2\/pages\/33","targetHints":{"allow":["GET"]}}],"collection":[{"href":"http:\/\/www.astrodicticum-simplex.de\/wordpress\/wp-json\/wp\/v2\/pages"}],"about":[{"href":"http:\/\/www.astrodicticum-simplex.de\/wordpress\/wp-json\/wp\/v2\/types\/page"}],"author":[{"embeddable":true,"href":"http:\/\/www.astrodicticum-simplex.de\/wordpress\/wp-json\/wp\/v2\/users\/2"}],"replies":[{"embeddable":true,"href":"http:\/\/www.astrodicticum-simplex.de\/wordpress\/wp-json\/wp\/v2\/comments?post=33"}],"version-history":[{"count":0,"href":"http:\/\/www.astrodicticum-simplex.de\/wordpress\/wp-json\/wp\/v2\/pages\/33\/revisions"}],"up":[{"embeddable":true,"href":"http:\/\/www.astrodicticum-simplex.de\/wordpress\/wp-json\/wp\/v2\/pages\/32"}],"wp:attachment":[{"href":"http:\/\/www.astrodicticum-simplex.de\/wordpress\/wp-json\/wp\/v2\/media?parent=33"}],"curies":[{"name":"wp","href":"https:\/\/api.w.org\/{rel}","templated":true}]}}