{"id":4,"date":"2008-01-16T21:15:56","date_gmt":"2008-01-16T19:15:56","guid":{"rendered":"http:\/\/www.astrodicticum-simplex.de\/wordpress\/was-ist-ein-astrodicticum-simplex\/"},"modified":"2008-03-11T20:53:01","modified_gmt":"2008-03-11T18:53:01","slug":"was-ist-ein-astrodicticum-simplex","status":"publish","type":"page","link":"http:\/\/www.astrodicticum-simplex.de\/wordpress\/was-ist-ein-astrodicticum-simplex\/","title":{"rendered":"Was ist ein &#8222;Astrodicticum Simplex&#8220;?"},"content":{"rendered":"<p>Das <em>Astrodicticum Simplex<\/em> ist ein altes astronomisches Ger\u00e4t das Ende des 17. Jahrhunderts von <a href=\"http:\/\/www.erhard-weigel-gesellschaft.de\/Biographie-Weigels.4.0.html\" title=\"Biografie von Erhard Weigel\" target=\"_blank\">Erhard Weigel<\/a> in Jena (D) erfunden wurde. Es handelt sich dabei um einen <em>Sternweiser<\/em>: das war ein Himmelsglobus, bei dem es m\u00f6glich war, einen kleinen Zeiger auf einen bestimmten Stern zu richten; gleichzeitig zeigte ein gro\u00dfer Zeiger die Position des Sterns am Himmel an. Damit war es f\u00fcr Unge\u00fcbte leichter, bestimmte Objekte aufzufinden. Ein &#8222;echtes&#8220; Astrodicticum Simplex hat bis heute nicht \u00fcberlebt &#8211; es existieren aber alte Bilder davon. Ein Stich von J. D\u00fcrr aus dem Jahr 1661 aus Erhard Weigels &#8222;Himmelsspiegel&#8220; zeigt dieses Ger\u00e4t:<img loading=\"lazy\" decoding=\"async\" src=\"http:\/\/www.astrodicticum-simplex.de\/pics\/astrodict.jpg\" alt=\"Ein Astrodicticum Simplex\" align=\"texttop\" height=\"300\" width=\"239\" \/><\/p>\n<p>Warum habe ich dieses Blog nach diesem Ger\u00e4t benannt? Zuerst fand ich haupts\u00e4chlich den Namen sch\u00f6n &#8211; und au\u00dfergew\u00f6hnlich genug, um als Titel f\u00fcr mein Blog zu dienen. Nachdem ich aber ein bisschen l\u00e4nger dar\u00fcber nachgedacht habe, meine ich mittlerweile, das es auch sonst ein recht passender Name ist. Erhard Weigel war nicht so sehr als Astronom bzw. Wissenschaftler ber\u00fchmt &#8211; sondern viel mehr als Lehrender und P\u00e4dagoge. Die Studentenzahlen der Universit\u00e4t Jena sollen sich aufgrund seiner Vorlesungen verdoppelt haben und er hat sich mindestens genau so sehr damit besch\u00e4ftigt, wie man Wissen am besten vermittelt wie er sich mit dem Wissen an sich besch\u00e4ftigte. Diese Philosophie passt recht gut zu dem, was ich mit diesem Blog vorhabe: ich m\u00f6chte m\u00f6glichst viele Menschen von und mit Wissenschaft begeistern &#8211; denn ich denke dass das ein wesentlicher Aspekt der Wissenschaft ist der heute leider viel zu oft vernachl\u00e4ssigt wird. Ein Wissenschaftler sollte nicht nur Forschung betreiben sondern mindestens genau so viel Augenmerk auf die <em>Vermittlung<\/em> dieses Wissens &#8211; an Studenten, aber auch generell die \u00d6ffentlichkeit &#8211; richten. Leider haben Lehre und \u00d6ffentlichkeitsarbeit an den Universit\u00e4ten heute nicht mehr wirklich den Stellenwert, den sie eigentlich haben sollten &#8211; zumindestens meiner Meinung nach.<\/p>\n<p>Dieses Blog ist mein pers\u00f6nlicher Versuch, allen Leserinnen und Lesern zu vermitteln, warum die Wissenschaft im allgemeinen und die Astronomie im speziellen f\u00fcr mich so enorm faszinierend sind.<\/p>\n","protected":false},"excerpt":{"rendered":"<p>Das Astrodicticum Simplex ist ein altes astronomisches Ger\u00e4t das Ende des 17. Jahrhunderts von Erhard Weigel in Jena (D) erfunden wurde. Es handelt sich dabei um einen Sternweiser: das war ein Himmelsglobus, bei dem es m\u00f6glich war, einen kleinen Zeiger auf einen bestimmten Stern zu richten; gleichzeitig zeigte ein gro\u00dfer Zeiger die Position des Sterns [&hellip;]<\/p>\n","protected":false},"author":2,"featured_media":0,"parent":0,"menu_order":0,"comment_status":"closed","ping_status":"open","template":"","meta":{"footnotes":""},"class_list":["post-4","page","type-page","status-publish","hentry"],"_links":{"self":[{"href":"http:\/\/www.astrodicticum-simplex.de\/wordpress\/wp-json\/wp\/v2\/pages\/4","targetHints":{"allow":["GET"]}}],"collection":[{"href":"http:\/\/www.astrodicticum-simplex.de\/wordpress\/wp-json\/wp\/v2\/pages"}],"about":[{"href":"http:\/\/www.astrodicticum-simplex.de\/wordpress\/wp-json\/wp\/v2\/types\/page"}],"author":[{"embeddable":true,"href":"http:\/\/www.astrodicticum-simplex.de\/wordpress\/wp-json\/wp\/v2\/users\/2"}],"replies":[{"embeddable":true,"href":"http:\/\/www.astrodicticum-simplex.de\/wordpress\/wp-json\/wp\/v2\/comments?post=4"}],"version-history":[{"count":0,"href":"http:\/\/www.astrodicticum-simplex.de\/wordpress\/wp-json\/wp\/v2\/pages\/4\/revisions"}],"wp:attachment":[{"href":"http:\/\/www.astrodicticum-simplex.de\/wordpress\/wp-json\/wp\/v2\/media?parent=4"}],"curies":[{"name":"wp","href":"https:\/\/api.w.org\/{rel}","templated":true}]}}